{"id":50413,"date":"2020-05-14T18:36:30","date_gmt":"2020-05-14T16:36:30","guid":{"rendered":"https:\/\/dev10.anw-sandbox.ch\/partenaires-en\/"},"modified":"2020-05-23T10:31:49","modified_gmt":"2020-05-23T08:31:49","slug":"partners","status":"publish","type":"page","link":"https:\/\/proj.ch\/en\/partners\/","title":{"rendered":"Partners"},"content":{"rendered":"<p>[et_pb_section fb_built=&#8221;1&#8243; admin_label=&#8221;Hero&#8221; _builder_version=&#8221;4.4.1&#8243; background_color=&#8221;rgba(74,144,195,0.59)&#8221; background_color_gradient_direction=&#8221;60deg&#8221; background_image=&#8221;https:\/\/proj.ch\/wp-content\/uploads\/2020\/04\/banner_lien_chaineMontagne.jpg&#8221; background_position=&#8221;top_center&#8221; background_blend=&#8221;multiply&#8221; custom_padding=&#8221;100px|0px|100px|0px&#8221; disabled_on=&#8221;on|on|on&#8221; disabled=&#8221;on&#8221;][et_pb_row column_structure=&#8221;1_2,1_2&#8243; _builder_version=&#8221;4.4.1&#8243; custom_padding=&#8221;|||&#8221;][et_pb_column type=&#8221;1_2&#8243; _builder_version=&#8221;3.25&#8243; custom_padding=&#8221;||60px|&#8221; custom_padding__hover=&#8221;|||&#8221;][et_pb_text _builder_version=&#8221;4.4.1&#8243; text_font=&#8221;Nunito Sans|600|||||||&#8221; text_font_size=&#8221;16px&#8221; text_line_height=&#8221;1.8em&#8221; header_font=&#8221;Nunito Sans||||||||&#8221; header_font_size=&#8221;36px&#8221; header_line_height=&#8221;1.4em&#8221; background_layout=&#8221;dark&#8221; max_width=&#8221;550px&#8221;]<\/p>\n<h1>Information et Liens<\/h1>\n<p>D\u00e9couvrez une liste de sites soingeusement s\u00e9lectionn\u00e9e ainsi que les principales d\u00e9finitions du m\u00e9tier de chef de projet.<\/p>\n<p>[\/et_pb_text][et_pb_button button_text=&#8221;D\u00e9couvrir&#8221; button_alignment=&#8221;left&#8221; _builder_version=&#8221;4.4.1&#8243; custom_button=&#8221;on&#8221; button_text_size=&#8221;14px&#8221; button_text_color=&#8221;#ffffff&#8221; button_bg_color=&#8221;#99c24d&#8221; button_border_width=&#8221;0px&#8221; button_border_radius=&#8221;100px&#8221; button_letter_spacing=&#8221;1px&#8221; button_font=&#8221;Nunito Sans|600||on|||||&#8221; button_use_icon=&#8221;off&#8221; background_layout=&#8221;dark&#8221; custom_padding=&#8221;10px|30px|10px|30px&#8221; animation_style=&#8221;fade&#8221; box_shadow_style=&#8221;preset3&#8243; box_shadow_vertical=&#8221;8px&#8221; box_shadow_color=&#8221;rgba(0,137,242,0.61)&#8221; button_letter_spacing_hover=&#8221;1px&#8221; button_text_size__hover_enabled=&#8221;off&#8221; button_one_text_size__hover_enabled=&#8221;off&#8221; button_two_text_size__hover_enabled=&#8221;off&#8221; button_text_color__hover_enabled=&#8221;off&#8221; button_one_text_color__hover_enabled=&#8221;off&#8221; button_two_text_color__hover_enabled=&#8221;off&#8221; button_border_width__hover_enabled=&#8221;off&#8221; button_one_border_width__hover_enabled=&#8221;off&#8221; button_two_border_width__hover_enabled=&#8221;off&#8221; button_border_color__hover_enabled=&#8221;off&#8221; button_one_border_color__hover_enabled=&#8221;off&#8221; button_two_border_color__hover_enabled=&#8221;off&#8221; button_border_radius__hover_enabled=&#8221;off&#8221; button_one_border_radius__hover_enabled=&#8221;off&#8221; button_two_border_radius__hover_enabled=&#8221;off&#8221; button_letter_spacing__hover_enabled=&#8221;on&#8221; button_letter_spacing__hover=&#8221;1px&#8221; button_one_letter_spacing__hover_enabled=&#8221;off&#8221; button_two_letter_spacing__hover_enabled=&#8221;off&#8221; button_bg_color__hover_enabled=&#8221;off&#8221; button_one_bg_color__hover_enabled=&#8221;off&#8221; button_two_bg_color__hover_enabled=&#8221;off&#8221;][\/et_pb_button][\/et_pb_column][et_pb_column type=&#8221;1_2&#8243; _builder_version=&#8221;3.25&#8243; custom_padding=&#8221;|||&#8221; custom_padding__hover=&#8221;|||&#8221;][et_pb_image show_bottom_space=&#8221;off&#8221; force_fullwidth=&#8221;on&#8221; align_tablet=&#8221;center&#8221; align_phone=&#8221;&#8221; align_last_edited=&#8221;on|desktop&#8221; _builder_version=&#8221;4.4.1&#8243; animation_style=&#8221;slide&#8221; animation_direction=&#8221;left&#8221; animation_intensity_slide=&#8221;10%&#8221;][\/et_pb_image][\/et_pb_column][\/et_pb_row][\/et_pb_section][et_pb_section fb_built=&#8221;1&#8243; _builder_version=&#8221;4.4.1&#8243;][et_pb_row _builder_version=&#8221;4.4.1&#8243;][et_pb_column _builder_version=&#8221;4.4.1&#8243; type=&#8221;4_4&#8243;][et_pb_text _builder_version=&#8221;4.4.1&#8243; hover_enabled=&#8221;0&#8243;]<\/p>\n<h2>Partenaires<\/p>\n<\/h2>\n<p><a href=\"https:\/\/smartnet-services.ch\/\">Smartnet<\/a>\u00a0Conseil en Informatique &#8211; S\u00e9curit\u00e9 &#8211; Expertise Virtualisation\u00a0<\/p>\n<p><a href=\"https:\/\/icwfacilitators.com\/en\/\">ICW Facilitators<\/a>\u00a0Facilitate, Coach, Training\u00a0<a href=\"https:\/\/icwfacilitators.com\/en\/\"><\/a><\/p>\n<p><a href=\"http:\/\/www.stk-management.fr\/\">STK Management<\/a> Syst\u00e8mes d&#8217;Information Projet autour de Microsoft Project<\/p>\n<p><a href=\"http:\/\/www.urgencepc.ch\/\">UrgencePC.ch<\/a> Renseignements, D\u00e9pannage rapide &amp; Support technique<\/p>\n<p><a href=\"https:\/\/app-n-web.ch\">App &#8216;n&#8217; Web<\/a> D\u00e9veloppement de sites internet<\/p>\n<p>&nbsp;<\/p>\n<p>&nbsp;<\/p>\n<p>[\/et_pb_text][\/et_pb_column][\/et_pb_row][\/et_pb_section][et_pb_section fb_built=&#8221;1&#8243; prev_background_color=&#8221;#fafafc&#8221; admin_label=&#8221;Try it Free&#8221; _builder_version=&#8221;4.4.1&#8243; background_color=&#8221;#2e4057&#8243; custom_padding=&#8221;100px|0px|100px|0px&#8221; top_divider_style=&#8221;ramp2&#8243;][et_pb_row column_structure=&#8221;1_2,1_2&#8243; _builder_version=&#8221;3.25&#8243;][et_pb_column type=&#8221;1_2&#8243; _builder_version=&#8221;3.25&#8243; custom_padding=&#8221;|||&#8221; custom_padding__hover=&#8221;|||&#8221;][et_pb_text _builder_version=&#8221;4.4.1&#8243; text_text_color=&#8221;#ffffff&#8221;]Every year I offer as a free download a utility to insert non-working days in Microsoft Project calendars.[\/et_pb_text][\/et_pb_column][et_pb_column type=&#8221;1_2&#8243; _builder_version=&#8221;3.25&#8243; custom_padding=&#8221;|||&#8221; custom_padding__hover=&#8221;|||&#8221;][et_pb_signup mailchimp_list=&#8221;SlavaET|03dac884f0&#8243; name_field=&#8221;on&#8221; title=&#8221;Sign up to receive the link&#8221; button_text=&#8221;Sign up to receive the link&#8221; admin_label=&#8221;Email Optin&#8221; _builder_version=&#8221;4.4.1&#8243; header_font=&#8221;Poppins||||||||&#8221; header_line_height=&#8221;1.4em&#8221; use_background_color=&#8221;off&#8221; custom_button=&#8221;on&#8221; button_text_size=&#8221;14px&#8221; button_text_color=&#8221;#ffffff&#8221; button_bg_color=&#8221;#99c24d&#8221; button_border_width=&#8221;7px&#8221; button_border_color=&#8221;#99c24d&#8221; button_border_radius=&#8221;0px&#8221; button_letter_spacing=&#8221;1px&#8221; button_font=&#8221;Nunito Sans|800||on|||||&#8221; button_icon=&#8221;%%57%%&#8221; button_on_hover=&#8221;off&#8221; button_custom_margin=&#8221;||||false|false&#8221; text_orientation=&#8221;center&#8221; custom_padding=&#8221;5px|||||&#8221; animation_style=&#8221;fade&#8221; button_letter_spacing_tablet=&#8221;&#8221; button_letter_spacing_phone=&#8221;&#8221; button_letter_spacing_last_edited=&#8221;on|desktop&#8221; border_radii_fields=&#8221;on|0px|0px|0px|0px&#8221; locked=&#8221;off&#8221; button_text_size__hover_enabled=&#8221;off&#8221; button_one_text_size__hover_enabled=&#8221;off&#8221; button_two_text_size__hover_enabled=&#8221;off&#8221; button_text_color__hover_enabled=&#8221;off&#8221; button_one_text_color__hover_enabled=&#8221;off&#8221; button_two_text_color__hover_enabled=&#8221;off&#8221; button_border_width__hover_enabled=&#8221;off&#8221; button_one_border_width__hover_enabled=&#8221;off&#8221; button_two_border_width__hover_enabled=&#8221;off&#8221; button_border_color__hover_enabled=&#8221;off&#8221; button_one_border_color__hover_enabled=&#8221;off&#8221; button_two_border_color__hover_enabled=&#8221;off&#8221; button_border_radius__hover_enabled=&#8221;off&#8221; button_one_border_radius__hover_enabled=&#8221;off&#8221; button_two_border_radius__hover_enabled=&#8221;off&#8221; button_letter_spacing__hover_enabled=&#8221;off&#8221; button_one_letter_spacing__hover_enabled=&#8221;off&#8221; button_two_letter_spacing__hover_enabled=&#8221;off&#8221; button_bg_color__hover_enabled=&#8221;off&#8221; button_one_bg_color__hover_enabled=&#8221;off&#8221; button_two_bg_color__hover_enabled=&#8221;off&#8221;][\/et_pb_signup][et_pb_text _builder_version=&#8221;4.4.1&#8243; text_font=&#8221;||||||||&#8221; text_text_color=&#8221;#ffffff&#8221; text_orientation=&#8221;center&#8221; background_layout=&#8221;dark&#8221;]We promise we don&#8217;t send spam[\/et_pb_text][\/et_pb_column][\/et_pb_row][\/et_pb_section][et_pb_section fb_built=&#8221;1&#8243; prev_background_color=&#8221;#2e4057&#8243; admin_label=&#8221;Center Aligned Text &#8221; _builder_version=&#8221;4.4.1&#8243; background_color=&#8221;#0d6baf&#8221; background_color_gradient_direction=&#8221;135deg&#8221; background_image=&#8221;https:\/\/proj.ch\/wp-content\/uploads\/2020\/04\/geometric-bg-overlay-02.jpg&#8221; background_blend=&#8221;overlay&#8221; custom_padding=&#8221;100px|0px|100px|0px&#8221; top_divider_style=&#8221;ramp2&#8243; top_divider_height=&#8221;60px&#8221; top_divider_flip=&#8221;horizontal&#8221; animation_style=&#8221;zoom&#8221; animation_direction=&#8221;bottom&#8221; animation_intensity_zoom=&#8221;8%&#8221; animation_starting_opacity=&#8221;100%&#8221;][et_pb_row admin_label=&#8221;Tittle&#8221; _builder_version=&#8221;3.25&#8243;][et_pb_column type=&#8221;4_4&#8243; _builder_version=&#8221;3.25&#8243; custom_padding=&#8221;|||&#8221; custom_padding__hover=&#8221;|||&#8221;][et_pb_text _builder_version=&#8221;4.4.1&#8243; text_font=&#8221;Nunito Sans||||||||&#8221; text_line_height=&#8221;1.8em&#8221; header_font=&#8221;||||||||&#8221; header_2_font=&#8221;Nunito Sans|700|||||||&#8221; header_2_font_size=&#8221;45px&#8221; header_2_line_height=&#8221;1.3em&#8221; text_orientation=&#8221;center&#8221; background_layout=&#8221;dark&#8221; max_width=&#8221;700px&#8221; module_alignment=&#8221;center&#8221; text_line_height_tablet=&#8221;1.7em&#8221; text_line_height_last_edited=&#8221;off|desktop&#8221;]<\/p>\n<h2>Details and Contact<\/h2>\n<p>Contact me to tell me about your project or your need.[\/et_pb_text][\/et_pb_column][\/et_pb_row][et_pb_row column_structure=&#8221;1_3,2_3&#8243; _builder_version=&#8221;4.4.1&#8243;][et_pb_column type=&#8221;1_3&#8243; _builder_version=&#8221;4.4.1&#8243;][et_pb_team_member name=&#8221;Patrick Hauser&#8221; position=&#8221;Project manager\u2019s adviser&#8221; image_url=&#8221;https:\/\/proj.ch\/wp-content\/uploads\/2020\/04\/rounded_avatar.png&#8221; linkedin_url=&#8221;https:\/\/www.linkedin.com\/in\/patrick-hauser-767209\/&#8221; icon_color=&#8221;#ffffff&#8221; _builder_version=&#8221;4.4.1&#8243; header_text_color=&#8221;#ffffff&#8221; position_font=&#8221;|700|||||||&#8221; position_text_color=&#8221;#ffffff&#8221; background_layout=&#8221;dark&#8221; border_radii_image=&#8221;on|90px|90px|90px|90px&#8221; border_width_all_image=&#8221;3px&#8221; border_color_all_image=&#8221;#4f345a&#8221; border_style_all_image=&#8221;dashed&#8221; border_radii_image__hover_enabled=&#8221;on|desktop&#8221;]<\/p>\n<p><i class=\"fas fa-mobile-alt\"><\/i><span>\u00a0+41 277 99 44<\/span><\/p>\n<p><i class=\"fas fa-at\"><\/i>\u00a0<a href=\"mailto:patrick.hauser@proj.ch\">patrick.hauser@proj.ch<\/a><\/p>\n<p><i class=\"far fa-envelope\"><\/i> Case postale 6219 &#8211; CH-1211 Gen\u00e8ve 6<\/p>\n<p>[\/et_pb_team_member][\/et_pb_column][et_pb_column type=&#8221;2_3&#8243; _builder_version=&#8221;4.4.1&#8243;][et_pb_text _builder_version=&#8221;4.4.1&#8243; text_text_color=&#8221;#ffffff&#8221; header_2_font=&#8221;|700|||||||&#8221; header_2_text_color=&#8221;#ffffff&#8221; header_3_font=&#8221;|600|||||||&#8221; header_3_text_color=&#8221;#dddddd&#8221; custom_margin=&#8221;||60px||false|false&#8221;]<\/p>\n<h2>Patrick Hauser<\/h2>\n<h3>Project manager\u2019s adviser<\/h3>\n<p>Before becoming freelance, I gained a long experience in training. I thus acquired a strong sense of communication and pedagogy. As a self-taught person, I started working in 1981, so I have experienced the whole evolution of personal computers and learned to constantly update my knowledge.[\/et_pb_text][et_pb_contact_form email=&#8221;patrick.hauser@proj.ch&#8221; success_message=&#8221;Thank you for your message&#8221; _builder_version=&#8221;4.4.1&#8243; custom_button=&#8221;on&#8221; button_text_color=&#8221;#ffffff&#8221; button_bg_color=&#8221;#99c24d&#8221; button_border_color=&#8221;rgba(0,0,0,0)&#8221; button_letter_spacing=&#8221;6px&#8221; button_icon=&#8221;%%36%%&#8221; button_icon_color=&#8221;#ffffff&#8221; button_custom_padding=&#8221;||||true|true&#8221; custom_margin=&#8221;||||false|false&#8221; button_text_shadow_style=&#8221;preset3&#8243;][et_pb_contact_field field_id=&#8221;Name&#8221; field_title=&#8221;Name&#8221; _builder_version=&#8221;4.4.1&#8243; button_text_size__hover_enabled=&#8221;off&#8221; button_one_text_size__hover_enabled=&#8221;off&#8221; button_two_text_size__hover_enabled=&#8221;off&#8221; button_text_color__hover_enabled=&#8221;off&#8221; button_one_text_color__hover_enabled=&#8221;off&#8221; button_two_text_color__hover_enabled=&#8221;off&#8221; button_border_width__hover_enabled=&#8221;off&#8221; button_one_border_width__hover_enabled=&#8221;off&#8221; button_two_border_width__hover_enabled=&#8221;off&#8221; button_border_color__hover_enabled=&#8221;off&#8221; button_one_border_color__hover_enabled=&#8221;off&#8221; button_two_border_color__hover_enabled=&#8221;off&#8221; button_border_radius__hover_enabled=&#8221;off&#8221; button_one_border_radius__hover_enabled=&#8221;off&#8221; button_two_border_radius__hover_enabled=&#8221;off&#8221; button_letter_spacing__hover_enabled=&#8221;off&#8221; button_one_letter_spacing__hover_enabled=&#8221;off&#8221; button_two_letter_spacing__hover_enabled=&#8221;off&#8221; button_bg_color__hover_enabled=&#8221;off&#8221; button_one_bg_color__hover_enabled=&#8221;off&#8221; button_two_bg_color__hover_enabled=&#8221;off&#8221;][\/et_pb_contact_field][et_pb_contact_field field_id=&#8221;Email&#8221; field_title=&#8221;E-mail&#8221; field_type=&#8221;email&#8221; _builder_version=&#8221;3.16&#8243; button_text_size__hover_enabled=&#8221;off&#8221; button_one_text_size__hover_enabled=&#8221;off&#8221; button_two_text_size__hover_enabled=&#8221;off&#8221; button_text_color__hover_enabled=&#8221;off&#8221; button_one_text_color__hover_enabled=&#8221;off&#8221; button_two_text_color__hover_enabled=&#8221;off&#8221; button_border_width__hover_enabled=&#8221;off&#8221; button_one_border_width__hover_enabled=&#8221;off&#8221; button_two_border_width__hover_enabled=&#8221;off&#8221; button_border_color__hover_enabled=&#8221;off&#8221; button_one_border_color__hover_enabled=&#8221;off&#8221; button_two_border_color__hover_enabled=&#8221;off&#8221; button_border_radius__hover_enabled=&#8221;off&#8221; button_one_border_radius__hover_enabled=&#8221;off&#8221; button_two_border_radius__hover_enabled=&#8221;off&#8221; button_letter_spacing__hover_enabled=&#8221;off&#8221; button_one_letter_spacing__hover_enabled=&#8221;off&#8221; button_two_letter_spacing__hover_enabled=&#8221;off&#8221; button_bg_color__hover_enabled=&#8221;off&#8221; button_one_bg_color__hover_enabled=&#8221;off&#8221; button_two_bg_color__hover_enabled=&#8221;off&#8221;][\/et_pb_contact_field][et_pb_contact_field field_id=&#8221;Message&#8221; field_title=&#8221;Message&#8221; field_type=&#8221;text&#8221; fullwidth_field=&#8221;on&#8221; _builder_version=&#8221;3.16&#8243; button_text_size__hover_enabled=&#8221;off&#8221; button_one_text_size__hover_enabled=&#8221;off&#8221; button_two_text_size__hover_enabled=&#8221;off&#8221; button_text_color__hover_enabled=&#8221;off&#8221; button_one_text_color__hover_enabled=&#8221;off&#8221; button_two_text_color__hover_enabled=&#8221;off&#8221; button_border_width__hover_enabled=&#8221;off&#8221; button_one_border_width__hover_enabled=&#8221;off&#8221; button_two_border_width__hover_enabled=&#8221;off&#8221; button_border_color__hover_enabled=&#8221;off&#8221; button_one_border_color__hover_enabled=&#8221;off&#8221; button_two_border_color__hover_enabled=&#8221;off&#8221; button_border_radius__hover_enabled=&#8221;off&#8221; button_one_border_radius__hover_enabled=&#8221;off&#8221; button_two_border_radius__hover_enabled=&#8221;off&#8221; button_letter_spacing__hover_enabled=&#8221;off&#8221; button_one_letter_spacing__hover_enabled=&#8221;off&#8221; button_two_letter_spacing__hover_enabled=&#8221;off&#8221; button_bg_color__hover_enabled=&#8221;off&#8221; button_one_bg_color__hover_enabled=&#8221;off&#8221; button_two_bg_color__hover_enabled=&#8221;off&#8221;][\/et_pb_contact_field][\/et_pb_contact_form][\/et_pb_column][\/et_pb_row][\/et_pb_section]<\/p>\n","protected":false},"excerpt":{"rendered":"<p>Information et Liens D\u00e9couvrez une liste de sites soingeusement s\u00e9lectionn\u00e9e ainsi que les principales d\u00e9finitions du m\u00e9tier de chef de projet.Partenaires Smartnet\u00a0Conseil en Informatique &#8211; S\u00e9curit\u00e9 &#8211; Expertise Virtualisation\u00a0 ICW Facilitators\u00a0Facilitate, Coach, Training\u00a0 STK Management Syst\u00e8mes d&#8217;Information Projet autour de Microsoft Project UrgencePC.ch Renseignements, D\u00e9pannage rapide &amp; Support technique App &#8216;n&#8217; Web D\u00e9veloppement de sites [&hellip;]<\/p>\n","protected":false},"author":1,"featured_media":0,"parent":0,"menu_order":0,"comment_status":"closed","ping_status":"closed","template":"","meta":{"_et_pb_use_builder":"on","_et_pb_old_content":"<!-- wp:paragraph -->\r\n<p>Proj..ch : Patrick Hauser CP 6219 - 1211 Gen\u00e8ve 6<\/p>\r\n<!-- \/wp:paragraph -->\r\n\r\n<!-- wp:paragraph -->\r\n<p>Webmaster : App 'n' Web - 14, av. du Vieux-Bourg - 1224 Ch\u00eane-Bourg<\/p>\r\n<!-- \/wp:paragraph -->","_et_gb_content_width":"","footnotes":""},"class_list":["post-50413","page","type-page","status-publish","hentry"],"_links":{"self":[{"href":"https:\/\/proj.ch\/en\/wp-json\/wp\/v2\/pages\/50413","targetHints":{"allow":["GET"]}}],"collection":[{"href":"https:\/\/proj.ch\/en\/wp-json\/wp\/v2\/pages"}],"about":[{"href":"https:\/\/proj.ch\/en\/wp-json\/wp\/v2\/types\/page"}],"author":[{"embeddable":true,"href":"https:\/\/proj.ch\/en\/wp-json\/wp\/v2\/users\/1"}],"replies":[{"embeddable":true,"href":"https:\/\/proj.ch\/en\/wp-json\/wp\/v2\/comments?post=50413"}],"version-history":[{"count":6,"href":"https:\/\/proj.ch\/en\/wp-json\/wp\/v2\/pages\/50413\/revisions"}],"predecessor-version":[{"id":50550,"href":"https:\/\/proj.ch\/en\/wp-json\/wp\/v2\/pages\/50413\/revisions\/50550"}],"wp:attachment":[{"href":"https:\/\/proj.ch\/en\/wp-json\/wp\/v2\/media?parent=50413"}],"curies":[{"name":"wp","href":"https:\/\/api.w.org\/{rel}","templated":true}]}}